{"id":116,"date":"2023-10-18T07:29:18","date_gmt":"2023-10-18T07:29:18","guid":{"rendered":"http:\/\/spadaforarealty.com\/?page_id=116"},"modified":"2025-10-24T10:22:49","modified_gmt":"2025-10-24T10:22:49","slug":"chi-siamo","status":"publish","type":"page","link":"https:\/\/spadaforarealty.com\/it\/about-us\/","title":{"rendered":"Chi siamo"},"content":{"rendered":"<div data-elementor-type=\"wp-page\" data-elementor-id=\"116\" class=\"elementor elementor-116\">\n\t\t\t\t<div class=\"elementor-element elementor-element-48a3151 e-flex e-con-boxed wpr-particle-no wpr-jarallax-no wpr-parallax-no wpr-sticky-section-no wpr-equal-height-no e-con e-parent\" data-id=\"48a3151\" data-element_type=\"container\" data-e-type=\"container\">\n\t\t\t\t\t<div class=\"e-con-inner\">\n\t\t\t\t<div class=\"elementor-element elementor-element-b2e1a86 elementor-widget elementor-widget-spacer\" data-id=\"b2e1a86\" data-element_type=\"widget\" data-e-type=\"widget\" data-widget_type=\"spacer.default\">\n\t\t\t\t<div class=\"elementor-widget-container\">\n\t\t\t\t\t\t\t<div class=\"elementor-spacer\">\n\t\t\t<div class=\"elementor-spacer-inner\"><\/div>\n\t\t<\/div>\n\t\t\t\t\t\t<\/div>\n\t\t\t\t<\/div>\n\t\t\t\t\t<\/div>\n\t\t\t\t<\/div>\n\t\t<div class=\"elementor-element elementor-element-e033b9a e-flex e-con-boxed wpr-particle-no wpr-jarallax-no wpr-parallax-no wpr-sticky-section-no wpr-equal-height-no e-con e-parent\" data-id=\"e033b9a\" data-element_type=\"container\" data-e-type=\"container\" data-settings=\"{&quot;background_background&quot;:&quot;classic&quot;}\">\n\t\t\t\t\t<div class=\"e-con-inner\">\n\t\t<div class=\"elementor-element elementor-element-458dfa0 e-flex e-con-boxed wpr-particle-no wpr-jarallax-no wpr-parallax-no wpr-sticky-section-no wpr-equal-height-no e-con e-child\" data-id=\"458dfa0\" data-element_type=\"container\" data-e-type=\"container\" data-settings=\"{&quot;background_background&quot;:&quot;classic&quot;}\">\n\t\t\t\t\t<div class=\"e-con-inner\">\n\t\t\t\t<div class=\"elementor-element elementor-element-bdf8618 elementor-widget elementor-widget-image\" data-id=\"bdf8618\" data-element_type=\"widget\" data-e-type=\"widget\" data-widget_type=\"image.default\">\n\t\t\t\t<div class=\"elementor-widget-container\">\n\t\t\t\t\t\t\t\t\t\t\t\t\t\t\t<img fetchpriority=\"high\" decoding=\"async\" width=\"201\" height=\"300\" src=\"data:image\/svg+xml;base64,PHN2ZyB4bWxucz0iaHR0cDovL3d3dy53My5vcmcvMjAwMC9zdmciIHZpZXdCb3g9IjAgMCA2MjAgOTI1IiB3aWR0aD0iNjIwIiBoZWlnaHQ9IjkyNSIgZGF0YS11PSJodHRwcyUzQSUyRiUyRnNwYWRhZm9yYXJlYWx0eS5jb20lMkZ3cC1jb250ZW50JTJGdXBsb2FkcyUyRjIwMjMlMkYxMCUyRkdyb3VwLTkwLWUxNjk3NjQ3MDcwOTE5LnBuZyIgZGF0YS13PSI2MjAiIGRhdGEtaD0iOTI1IiBkYXRhLWJpcD0iIj48L3N2Zz4=\" data-spai=\"1\" class=\"attachment-medium size-medium wp-image-293\" alt=\"\" srcset=\" \" sizes=\"(max-width: 201px) 100vw, 201px\" \/>\t\t\t\t\t\t\t\t\t\t\t\t\t\t\t<\/div>\n\t\t\t\t<\/div>\n\t\t\t\t<div class=\"elementor-element elementor-element-37f3f88 elementor-widget elementor-widget-heading\" data-id=\"37f3f88\" data-element_type=\"widget\" data-e-type=\"widget\" data-widget_type=\"heading.default\">\n\t\t\t\t<div class=\"elementor-widget-container\">\n\t\t\t\t\t<h2 class=\"elementor-heading-title elementor-size-default\">Informazioni su Spadafora Realty<\/h2>\t\t\t\t<\/div>\n\t\t\t\t<\/div>\n\t\t\t\t<div class=\"elementor-element elementor-element-1498573 elementor-widget elementor-widget-text-editor\" data-id=\"1498573\" data-element_type=\"widget\" data-e-type=\"widget\" data-widget_type=\"text-editor.default\">\n\t\t\t\t<div class=\"elementor-widget-container\">\n\t\t\t\t\t\t\t\t\t<p data-start=\"479\" data-end=\"675\">Nel cuore dell'Italia, dove convergono storia, arte e stile di vita mediterraneo, Spadafora Realty si pone come punto di riferimento per l'eccellenza nel settore immobiliare di lusso e nei servizi su misura.<\/p><p data-start=\"677\" data-end=\"906\">Fondata nel 2020, Spadafora Realty unisce tradizione, integrit\u00e0 e discrezione a una visione moderna e internazionale della consulenza immobiliare e degli investimenti.<\/p><p data-start=\"677\" data-end=\"906\">Il nome <em data-start=\"853\" data-end=\"864\">Spadafora<\/em> \u00e8 pi\u00f9 di un marchio: \u00e8 un lignaggio.<\/p><p data-start=\"908\" data-end=\"1503\">La Casa di Spadafora \u00e8 un'antica e nobile famiglia di origine greco-bizantina, il cui nome significa <em data-start=\"1014\" data-end=\"1031\">\"portatore di spada\".<\/em> Ai suoi antenati fu concesso l'onore di portare la spada sguainata davanti all'imperatore bizantino, un simbolo di fiducia e distinzione. Documentata gi\u00e0 nel 1230, la casata ha da allora detenuto cinque principati, un ducato e numerose baronie e marchesati in tutta Europa. Anche se non tutti i rami sono principeschi, il titolo <em data-start=\"1362\" data-end=\"1391\">\"Dei Principi di Spadafora\"<\/em> La famiglia \u00e8 ancora presente e i suoi membri hanno occupato storicamente posizioni di rilievo in vari Stati europei.<\/p><p data-start=\"1505\" data-end=\"1682\">Questo patrimonio di dignit\u00e0, precisione e responsabilit\u00e0 definisce oggi l'etica di Spadafora Realty, una moderna agenzia boutique radicata nell'eccellenza e guidata da valori senza tempo.<\/p><h4 data-start=\"1689\" data-end=\"1730\"><strong data-start=\"1693\" data-end=\"1730\">Intermediazione e consulenza a livello nazionale<\/strong><\/h4><p data-start=\"1732\" data-end=\"2085\">Operando in tutta Italia, Spadafora Realty assiste venditori e acquirenti su tutto il territorio nazionale, offrendo servizi di intermediazione immobiliare personalizzati e di consulenza di alto livello.<\/p><p data-start=\"1732\" data-end=\"2085\">Il nostro team multilingue di professionisti esperti assicura un processo efficace, trasparente e senza soluzione di continuit\u00e0, dalla valutazione e dal marketing alla negoziazione, alla strutturazione e alla chiusura.<\/p><p data-start=\"2087\" data-end=\"2458\">Serviamo una clientela internazionale esigente che cerca non solo propriet\u00e0 eccezionali, ma anche un'esperienza fidata. Che si tratti dell'acquisto di un vigneto in Toscana, di un hotel a Roma, di uno chalet sulle Dolomiti o di una tenuta in Puglia, Spadafora Realty fornisce la visione, la rete e le capacit\u00e0 di esecuzione necessarie per avere successo nel complesso mercato immobiliare italiano.<\/p><h4 data-start=\"2465\" data-end=\"2506\"><strong data-start=\"2469\" data-end=\"2506\">Consulenza e servizi strategici<\/strong><\/h4><p data-start=\"2508\" data-end=\"2737\">Al di l\u00e0 dell'intermediazione, Spadafora Realty opera come societ\u00e0 di consulenza immobiliare e d'investimento a servizio completo, offrendo soluzioni di consulenza \"\u00e0 la carte\" e \"in bianco\" per privati, family office e investitori istituzionali.<\/p><p data-start=\"2739\" data-end=\"2991\">Grazie a un'ampia rete di professionisti che comprende consulenti fiscali internazionali, commercialisti, avvocati, notai, architetti, ingegneri, geometri, broker di mutui, gestori di immobili e specialisti di cambio valuta, forniamo un'assistenza completa in tutto il mondo:<\/p><ul data-start=\"2993\" data-end=\"3552\"><li data-start=\"2993\" data-end=\"3035\"><p data-start=\"2995\" data-end=\"3035\">Due diligence immobiliare e commerciale<\/p><\/li><li data-start=\"3036\" data-end=\"3086\"><p data-start=\"3038\" data-end=\"3086\">Ispezioni della propriet\u00e0 e valutazioni tecniche<\/p><\/li><li data-start=\"3087\" data-end=\"3139\"><p data-start=\"3089\" data-end=\"3139\">Assistenza per l'immigrazione e il trasferimento internazionale<\/p><\/li><li data-start=\"3140\" data-end=\"3224\"><p data-start=\"3142\" data-end=\"3224\">Autorizzazione e rettifica dei documenti presso le autorit\u00e0 locali e i registri fondiari<\/p><\/li><li data-start=\"3225\" data-end=\"3271\"><p data-start=\"3227\" data-end=\"3271\">Stime dei costi di costruzione e ristrutturazione<\/p><\/li><li data-start=\"3272\" data-end=\"3346\"><p data-start=\"3274\" data-end=\"3346\">Soluzioni di mutuo e finanziamento per residenti italiani e non italiani<\/p><\/li><li data-start=\"3347\" data-end=\"3410\"><p data-start=\"3349\" data-end=\"3410\">Costituzione di entit\u00e0 legali e strutturazione fiscale multigiurisdizionale<\/p><\/li><li data-start=\"3411\" data-end=\"3470\"><p data-start=\"3413\" data-end=\"3470\">Cambio valuta e ottimizzazione dei pagamenti transfrontalieri<\/p><\/li><li data-start=\"3471\" data-end=\"3552\"><p data-start=\"3473\" data-end=\"3552\">Rappresentanza nelle aste e acquisizione di opportunit\u00e0 di investimento fuori mercato<\/p><\/li><li data-start=\"3471\" data-end=\"3552\">Gestione della propriet\u00e0<\/li><\/ul><p>\u00a0<br \/>Questo approccio integrato consente ai clienti di affidarsi a un unico partner di fiducia per ogni aspetto della propriet\u00e0 o dell'investimento immobiliare.<\/p><h4 data-start=\"3720\" data-end=\"3742\"><strong data-start=\"3724\" data-end=\"3742\">La nostra filosofia<\/strong><\/h4><p data-start=\"3744\" data-end=\"4140\">Alla Spadafora Realty il lusso \u00e8 definito da servizio, precisione e fiducia. Ogni rapporto con il cliente viene coltivato con discrezione, professionalit\u00e0 e cura autentica.<\/p><p data-start=\"3744\" data-end=\"4140\"><br data-start=\"3914\" data-end=\"3917\" \/>La nostra missione non \u00e8 solo quella di facilitare le transazioni, ma di fornire chiarezza, fiducia e valore duraturo, assicurando che ogni cliente viva l'Italia non solo come un investitore, ma come un partecipante al suo patrimonio e alla sua bellezza.<\/p><p data-start=\"4142\" data-end=\"4356\">Sotto la guida di Matteo Berloffa Spadafora, esperto mediatore immobiliare, consulente finanziario e di investimenti, lo studio riunisce un team di professionisti dedicati all'eccellenza in ogni dettaglio.<\/p><h4 data-start=\"4363\" data-end=\"4406\"><strong data-start=\"4367\" data-end=\"4406\">Provate la differenza di Spadafora<\/strong><\/h4><p data-start=\"4408\" data-end=\"4781\">Con Spadafora Realty non state semplicemente acquistando o vendendo un immobile, ma vi state impegnando con un team che unisce eredit\u00e0 reale, esperienza internazionale ed esecuzione moderna.<\/p><p data-start=\"4408\" data-end=\"4781\"><br data-start=\"4582\" data-end=\"4585\" \/>Non ci limitiamo ad aprire le porte, ma vi guidiamo attraverso di esse, offrendovi l'accesso alle migliori tenute d'Italia, dalle tenute toscane ai palazzi veneziani, dagli chalet alpini alle ville mediterranee.<\/p><p data-start=\"4783\" data-end=\"4838\"><strong data-start=\"4783\" data-end=\"4838\">Spadafora Realty - dove il patrimonio incontra l'eccellenza.<\/strong><\/p>\t\t\t\t\t\t\t\t<\/div>\n\t\t\t\t<\/div>\n\t\t\t\t<div class=\"elementor-element elementor-element-324026f elementor-widget elementor-widget-spacer\" data-id=\"324026f\" data-element_type=\"widget\" data-e-type=\"widget\" data-widget_type=\"spacer.default\">\n\t\t\t\t<div class=\"elementor-widget-container\">\n\t\t\t\t\t\t\t<div class=\"elementor-spacer\">\n\t\t\t<div class=\"elementor-spacer-inner\"><\/div>\n\t\t<\/div>\n\t\t\t\t\t\t<\/div>\n\t\t\t\t<\/div>\n\t\t\t\t\t<\/div>\n\t\t\t\t<\/div>\n\t\t\t\t\t<\/div>\n\t\t\t\t<\/div>\n\t\t<div class=\"elementor-element elementor-element-2fb64f9 e-flex e-con-boxed wpr-particle-no wpr-jarallax-no wpr-parallax-no wpr-sticky-section-no wpr-equal-height-no e-con e-parent\" data-id=\"2fb64f9\" data-element_type=\"container\" data-e-type=\"container\">\n\t\t\t\t\t<div class=\"e-con-inner\">\n\t\t\t\t<div class=\"elementor-element elementor-element-932f270 elementor-widget elementor-widget-spacer\" data-id=\"932f270\" data-element_type=\"widget\" data-e-type=\"widget\" data-widget_type=\"spacer.default\">\n\t\t\t\t<div class=\"elementor-widget-container\">\n\t\t\t\t\t\t\t<div class=\"elementor-spacer\">\n\t\t\t<div class=\"elementor-spacer-inner\"><\/div>\n\t\t<\/div>\n\t\t\t\t\t\t<\/div>\n\t\t\t\t<\/div>\n\t\t\t\t\t<\/div>\n\t\t\t\t<\/div>\n\t\t<div class=\"elementor-element elementor-element-4de86dd e-flex e-con-boxed wpr-particle-no wpr-jarallax-no wpr-parallax-no wpr-sticky-section-no wpr-equal-height-no e-con e-parent\" data-id=\"4de86dd\" data-element_type=\"container\" data-e-type=\"container\" data-settings=\"{&quot;background_background&quot;:&quot;classic&quot;}\">\n\t\t\t\t\t<div class=\"e-con-inner\">\n\t\t<div class=\"elementor-element elementor-element-750c2c3 e-con-full e-flex wpr-particle-no wpr-jarallax-no wpr-parallax-no wpr-sticky-section-no wpr-equal-height-no e-con e-child\" data-id=\"750c2c3\" data-element_type=\"container\" data-e-type=\"container\">\n\t\t<div class=\"elementor-element elementor-element-60f2e9c e-flex e-con-boxed wpr-particle-no wpr-jarallax-no wpr-parallax-no wpr-sticky-section-no wpr-equal-height-no e-con e-child\" data-id=\"60f2e9c\" data-element_type=\"container\" data-e-type=\"container\" data-settings=\"{&quot;background_background&quot;:&quot;classic&quot;}\">\n\t\t\t\t\t<div class=\"e-con-inner\">\n\t\t\t\t<div class=\"elementor-element elementor-element-ec0df45 elementor-widget elementor-widget-heading\" data-id=\"ec0df45\" data-element_type=\"widget\" data-e-type=\"widget\" data-widget_type=\"heading.default\">\n\t\t\t\t<div class=\"elementor-widget-container\">\n\t\t\t\t\t<h3 class=\"elementor-heading-title elementor-size-default\">Informazioni su Matteo Spadafora<\/h3>\t\t\t\t<\/div>\n\t\t\t\t<\/div>\n\t\t\t\t\t<\/div>\n\t\t\t\t<\/div>\n\t\t<div class=\"elementor-element elementor-element-75194f3 e-flex e-con-boxed wpr-particle-no wpr-jarallax-no wpr-parallax-no wpr-sticky-section-no wpr-equal-height-no e-con e-child\" data-id=\"75194f3\" data-element_type=\"container\" data-e-type=\"container\" data-settings=\"{&quot;background_background&quot;:&quot;classic&quot;}\">\n\t\t\t\t\t<div class=\"e-con-inner\">\n\t\t\t\t<div class=\"elementor-element elementor-element-a161488 elementor-widget__width-initial elementor-widget elementor-widget-text-editor\" data-id=\"a161488\" data-element_type=\"widget\" data-e-type=\"widget\" data-widget_type=\"text-editor.default\">\n\t\t\t\t<div class=\"elementor-widget-container\">\n\t\t\t\t\t\t\t\t\t<p><span style=\"font-weight: 400;\">Il viaggio di Matteo \u00e8 iniziato tra le aule dell'Universit\u00e0 Bocconi, la prestigiosa scuola di economia italiana, dove ha intravisto per la prima volta l'intricato legame tra finanza e opportunit\u00e0. Armato di ambizione e di sete di esperienze globali, Matteo si \u00e8 avventurato oltre i confini, tracciando un percorso che ha attraversato continenti e culture.<\/span><\/p><p><span style=\"font-weight: 400;\">Dalle incantevoli strade di Vienna, dove si \u00e8 fatto strada nel mondo della consulenza, all'hub cosmopolita di Lussemburgo, dove ha approfondito le sfumature della finanza internazionale, ogni passo ha illuminato nuove possibilit\u00e0. \u00c8 stato nei corridoi di TMF Group, al servizio di luminari come Merrill Lynch e ADIA, che Matteo ha trovato la sua strada. Attraversando il mondo da Amsterdam a Sydney, la sua passione per gli investimenti immobiliari \u00e8 sbocciata, culminando nella creazione di un proprio studio nel cuore pulsante di Los Angeles.<\/span><\/p><p><span style=\"font-weight: 400;\">Tuttavia, tra lo sfarzo e il glamour della Citt\u00e0 degli Angeli, la nostalgia dell'abbraccio familiare dell'Italia lo ha richiamato a casa. Tornato dopo un decennio all'estero, Matteo si \u00e8 trovato affascinato dalla ricca trama di opportunit\u00e0 tessuta nella sua terra natale. Dalle cime innevate di Cortina alle coste azzurre di Capri, ogni angolo sussurrava storie di potenziale inesplorato.<\/span><\/p><p><span style=\"font-weight: 400;\">Spinto dal desiderio di colmare i divari e rompere le barriere, Matteo si \u00e8 posto l'obiettivo di mettere in grado le persone che non parlano italiano di svelare i segreti del mercato immobiliare italiano. Conoscendo le lingue del commercio e della cultura - inglese, spagnolo e italiano - e con un'infarinatura di tedesco, Matteo \u00e8 diventato un faro di orientamento in un mare di incertezza.<\/span><\/p><p><span style=\"font-weight: 400;\">In qualit\u00e0 di agente immobiliare e broker ipotecario autorizzato, supportato da un team di professionisti esperti, Matteo \u00e8 pronto a consigliare i clienti di ogni angolo del mondo nel loro viaggio verso l'acquisto di immobili italiani. Sia che cerchino conforto in un rifugio per le vacanze o che stiano pianificando la loro prossima mossa strategica di investimento, Matteo \u00e8 pi\u00f9 di una semplice guida: \u00e8 un alleato fidato nel perseguimento dei sogni.<\/span><\/p>\t\t\t\t\t\t\t\t<\/div>\n\t\t\t\t<\/div>\n\t\t\t\t\t<\/div>\n\t\t\t\t<\/div>\n\t\t\t\t<\/div>\n\t\t<div class=\"elementor-element elementor-element-73015e1 e-con-full e-flex wpr-particle-no wpr-jarallax-no wpr-parallax-no wpr-sticky-section-no wpr-equal-height-no e-con e-child\" data-id=\"73015e1\" data-element_type=\"container\" data-e-type=\"container\" data-settings=\"{&quot;background_background&quot;:&quot;classic&quot;}\">\n\t\t\t\t<div class=\"elementor-element elementor-element-dcded8e elementor-widget elementor-widget-spacer\" data-id=\"dcded8e\" data-element_type=\"widget\" data-e-type=\"widget\" data-widget_type=\"spacer.default\">\n\t\t\t\t<div class=\"elementor-widget-container\">\n\t\t\t\t\t\t\t<div class=\"elementor-spacer\">\n\t\t\t<div class=\"elementor-spacer-inner\"><\/div>\n\t\t<\/div>\n\t\t\t\t\t\t<\/div>\n\t\t\t\t<\/div>\n\t\t\t\t<div class=\"elementor-element elementor-element-48014bd elementor-widget elementor-widget-image\" data-id=\"48014bd\" data-element_type=\"widget\" data-e-type=\"widget\" data-widget_type=\"image.default\">\n\t\t\t\t<div class=\"elementor-widget-container\">\n\t\t\t\t\t\t\t\t\t\t\t\t\t\t\t<img decoding=\"async\" src=\"data:image\/svg+xml;base64,PHN2ZyB4bWxucz0iaHR0cDovL3d3dy53My5vcmcvMjAwMC9zdmciIHZpZXdCb3g9IjAgMCA0NTggNjgwIiB3aWR0aD0iNDU4IiBoZWlnaHQ9IjY4MCIgZGF0YS11PSJodHRwcyUzQSUyRiUyRnNwYWRhZm9yYXJlYWx0eS5jb20lMkZ3cC1jb250ZW50JTJGdXBsb2FkcyUyRjIwMjQlMkYwMiUyRk1CUy1XRUIucG5nIiBkYXRhLXc9IjQ1OCIgZGF0YS1oPSI2ODAiIGRhdGEtYmlwPSIiPjwvc3ZnPg==\" data-spai=\"1\" title=\"Matteo-Spadafora-Realty-Agent-Italia\" alt=\"Matteo Spadafora\" \/>\t\t\t\t\t\t\t\t\t\t\t\t\t\t\t<\/div>\n\t\t\t\t<\/div>\n\t\t\t\t<\/div>\n\t\t\t\t\t<\/div>\n\t\t\t\t<\/div>\n\t\t<div class=\"elementor-element elementor-element-f42128d e-flex e-con-boxed wpr-particle-no wpr-jarallax-no wpr-parallax-no wpr-sticky-section-no wpr-equal-height-no e-con e-parent\" data-id=\"f42128d\" data-element_type=\"container\" data-e-type=\"container\">\n\t\t\t\t\t<div class=\"e-con-inner\">\n\t\t\t\t<div class=\"elementor-element elementor-element-eef726b elementor-widget elementor-widget-spacer\" data-id=\"eef726b\" data-element_type=\"widget\" data-e-type=\"widget\" data-widget_type=\"spacer.default\">\n\t\t\t\t<div class=\"elementor-widget-container\">\n\t\t\t\t\t\t\t<div class=\"elementor-spacer\">\n\t\t\t<div class=\"elementor-spacer-inner\"><\/div>\n\t\t<\/div>\n\t\t\t\t\t\t<\/div>\n\t\t\t\t<\/div>\n\t\t\t\t\t<\/div>\n\t\t\t\t<\/div>\n\t\t\t\t<\/div>","protected":false},"excerpt":{"rendered":"<p>Situata nel pittoresco incrocio tra mare, arte e storia, Spadafora Realty si distingue come faro di lusso nel settore immobiliare. Con origini legate alla stimata famiglia reale siciliana Spadafora, l'azienda coniuga i valori ancestrali con le moderne esigenze immobiliari, offrendo una miscela unica di regalit\u00e0 e servizio contemporaneo. Distinguendosi per l'impegno nei confronti dei servizi e delle relazioni con i clienti, Spadafora Realty assicura agli acquirenti internazionali la possibilit\u00e0 di orientarsi negli investimenti italiani senza alcuno sforzo. Guidato dall'abile Matteo Spadafora, il team fornisce servizi specializzati, dalla consulenza fiscale all'assimilazione culturale. Per coloro che desiderano un pezzo d'Italia, Spadafora Realty offre non solo propriet\u00e0, ma anche un'immersione nell'eredit\u00e0 reale italiana.<\/p>","protected":false},"author":1,"featured_media":0,"parent":0,"menu_order":0,"comment_status":"closed","ping_status":"closed","template":"elementor_header_footer","meta":{"content-type":"","footnotes":""},"class_list":["post-116","page","type-page","status-publish","hentry"],"aioseo_notices":[],"rttpg_featured_image_url":null,"rttpg_author":{"display_name":"admin","author_link":"https:\/\/spadaforarealty.com\/it\/author\/admin\/"},"rttpg_comment":0,"rttpg_category":null,"rttpg_excerpt":"Nestled in Italy's picturesque intersection of sea, art, and history, Spadafora Realty stands out as a beacon of luxury in the real estate sector. With origins linked to the esteemed Spadafora royal family of Sicily, the firm marries ancestral values with modern realty needs, offering a unique blend of regality and contemporary service. Distinguished by&hellip;","_links":{"self":[{"href":"https:\/\/spadaforarealty.com\/it\/wp-json\/wp\/v2\/pages\/116","targetHints":{"allow":["GET"]}}],"collection":[{"href":"https:\/\/spadaforarealty.com\/it\/wp-json\/wp\/v2\/pages"}],"about":[{"href":"https:\/\/spadaforarealty.com\/it\/wp-json\/wp\/v2\/types\/page"}],"author":[{"embeddable":true,"href":"https:\/\/spadaforarealty.com\/it\/wp-json\/wp\/v2\/users\/1"}],"replies":[{"embeddable":true,"href":"https:\/\/spadaforarealty.com\/it\/wp-json\/wp\/v2\/comments?post=116"}],"version-history":[{"count":52,"href":"https:\/\/spadaforarealty.com\/it\/wp-json\/wp\/v2\/pages\/116\/revisions"}],"predecessor-version":[{"id":215239,"href":"https:\/\/spadaforarealty.com\/it\/wp-json\/wp\/v2\/pages\/116\/revisions\/215239"}],"wp:attachment":[{"href":"https:\/\/spadaforarealty.com\/it\/wp-json\/wp\/v2\/media?parent=116"}],"curies":[{"name":"wp","href":"https:\/\/api.w.org\/{rel}","templated":true}]}}