{"id":805,"date":"2023-10-25T08:28:09","date_gmt":"2023-10-25T08:28:09","guid":{"rendered":"http:\/\/spadaforarealty.com\/?page_id=805"},"modified":"2024-03-13T09:55:27","modified_gmt":"2024-03-13T09:55:27","slug":"condizioni-di-utilizzo","status":"publish","type":"page","link":"https:\/\/spadaforarealty.com\/it\/terms-of-use\/","title":{"rendered":"Condizioni di utilizzo"},"content":{"rendered":"<div data-elementor-type=\"wp-page\" data-elementor-id=\"805\" class=\"elementor elementor-805\">\n\t\t\t\t<div class=\"elementor-element elementor-element-0a91592 e-flex e-con-boxed wpr-particle-no wpr-jarallax-no wpr-parallax-no wpr-sticky-section-no wpr-equal-height-no e-con e-parent\" data-id=\"0a91592\" data-element_type=\"container\" data-e-type=\"container\">\n\t\t\t\t\t<div class=\"e-con-inner\">\n\t\t\t\t<div class=\"elementor-element elementor-element-da2d5d6 elementor-widget elementor-widget-text-editor\" data-id=\"da2d5d6\" data-element_type=\"widget\" data-e-type=\"widget\" data-widget_type=\"text-editor.default\">\n\t\t\t\t<div class=\"elementor-widget-container\">\n\t\t\t\t\t\t\t\t\t<p>Ultimo aggiornamento: 12 marzo 2024<\/p>\n<p>Si prega di leggere attentamente questi termini e condizioni prima di utilizzare il nostro Servizio.<\/p>\n<p><strong>Interpretazione e definizioni<\/strong><\/p>\n<p><strong>Interpretazione<\/strong><\/p>\n<p>Le parole la cui lettera iniziale \u00e8 maiuscola hanno un significato definito nelle seguenti condizioni. Le seguenti definizioni hanno lo stesso significato indipendentemente dal fatto che appaiano al singolare o al plurale.<\/p>\n<p><strong>Definizioni<\/strong><\/p>\n<p>Ai fini dei presenti Termini e Condizioni:<\/p>\n<ul>\n<li><strong>Affiliato<\/strong>&nbsp;indica un'entit\u00e0 che controlla, \u00e8 controllata da o \u00e8 sotto controllo comune con una parte, dove per \"controllo\" si intende la propriet\u00e0 di 50% o pi\u00f9 delle azioni, partecipazioni o altri titoli che danno diritto al voto per l'elezione degli amministratori o di altri poteri di gestione.<\/li>\n<li><strong>Paese<\/strong>&nbsp;si riferisce a: Italia<\/li>\n<li><strong>Azienda<\/strong>&nbsp;(indicato come \"l'Azienda\", \"Noi\", \"Ci\" o \"Nostro\" nel presente Contratto) si riferisce a Spadafora Realty.<\/li>\n<li><strong>Dispositivo<\/strong>&nbsp;si intende qualsiasi dispositivo in grado di accedere al Servizio, come un computer, un telefono cellulare o una tavoletta digitale.<\/li>\n<li><strong>Servizio<\/strong>&nbsp;si riferisce al Sito web.<\/li>\n<li><strong>Termini e condizioni<\/strong>&nbsp;(anche \"Termini\") si intendono i presenti Termini e condizioni che costituiscono l'intero accordo tra l'Utente e la Societ\u00e0 in merito all'utilizzo del Servizio. Il presente accordo sui Termini e le Condizioni \u00e8 stato creato con l'aiuto della&nbsp;<a href=\"https:\/\/www.termsfeed.com\/terms-conditions-generator\/\" target=\"_blank\" rel=\"noopener\">Termini e condizioni del generatore<\/a>.<\/li>\n<li><strong>Servizio di social media di terze parti<\/strong>&nbsp;indica qualsiasi servizio o contenuto (compresi dati, informazioni, prodotti o servizi) fornito da terzi che pu\u00f2 essere visualizzato, incluso o reso disponibile dal Servizio.<\/li>\n<li><strong>Sito web<\/strong>&nbsp;si riferisce all'Spadafora Realty, accessibile da&nbsp;<a href=\"https:\/\/spadaforarealty.com\/it\/\" target=\"_blank\" rel=\"external nofollow noopener\">https:\/\/spadaforarealty.com\/<\/a><\/li>\n<li><strong>Tu<\/strong>&nbsp;indica l'individuo che accede o utilizza il Servizio, o la societ\u00e0 o altra persona giuridica per conto della quale tale individuo accede o utilizza il Servizio, a seconda dei casi.<\/li>\n<\/ul>\n<p><strong>Riconoscimento<\/strong><\/p>\n<p>Questi sono i Termini e le Condizioni che regolano l'uso di questo Servizio e l'accordo che intercorre tra l'Utente e la Societ\u00e0. I presenti Termini e condizioni stabiliscono i diritti e gli obblighi di tutti gli utenti in merito all'utilizzo del Servizio.<\/p>\n<p>L'accesso e l'utilizzo del Servizio da parte dell'utente sono subordinati all'accettazione e al rispetto dei presenti Termini e condizioni. I presenti Termini e condizioni si applicano a tutti i visitatori, utenti e altri soggetti che accedono o utilizzano il Servizio.<\/p>\n<p>Accedendo o utilizzando il Servizio, l'Utente accetta di essere vincolato dai presenti Termini e condizioni. Se l'Utente non \u00e8 d'accordo con una qualsiasi parte dei presenti Termini e condizioni, non pu\u00f2 accedere al Servizio.<\/p>\n<p>L'utente dichiara di avere pi\u00f9 di 18 anni. La Societ\u00e0 non consente ai minori di 18 anni di utilizzare il Servizio.<\/p>\n<p>L'accesso e l'utilizzo del Servizio da parte dell'Utente sono inoltre subordinati all'accettazione e al rispetto della Politica sulla privacy della Societ\u00e0. La nostra Informativa sulla privacy descrive le nostre politiche e procedure sulla raccolta, l'utilizzo e la divulgazione dei dati personali dell'Utente quando utilizza l'Applicazione o il Sito web e informa l'Utente sui suoi diritti alla privacy e su come la legge lo protegge. Si prega di leggere attentamente la nostra Informativa sulla privacy prima di utilizzare il nostro Servizio.<\/p>\n<p><strong>Link ad altri siti web<\/strong><\/p>\n<p>Il nostro Servizio pu\u00f2 contenere link a siti web o servizi di terzi che non sono di propriet\u00e0 o controllati dalla Societ\u00e0.<\/p>\n<p>La Societ\u00e0 non ha alcun controllo e non si assume alcuna responsabilit\u00e0 per il contenuto, le politiche sulla privacy o le pratiche di qualsiasi sito web o servizio di terzi. L'utente riconosce e accetta inoltre che la Societ\u00e0 non sar\u00e0 responsabile, direttamente o indirettamente, per eventuali danni o perdite causati o che si presume possano essere causati da o in connessione con l'uso o l'affidamento su tali contenuti, beni o servizi disponibili su o attraverso tali siti web o servizi.<\/p>\n<p>Consigliamo vivamente all'Utente di leggere i termini e le condizioni e le politiche sulla privacy di qualsiasi sito o servizio web di terzi che l'Utente visita.<\/p>\n<p><strong>Terminazione<\/strong><\/p>\n<p>Possiamo interrompere o sospendere l'accesso dell'Utente immediatamente, senza preavviso o responsabilit\u00e0, per qualsiasi motivo, incluso, a titolo esemplificativo, se l'Utente viola i presenti Termini e condizioni.<\/p>\n<p>In caso di risoluzione, il diritto dell'Utente di utilizzare il Servizio cesser\u00e0 immediatamente.<\/p>\n<p><strong>Limitazione di responsabilit\u00e0<\/strong><\/p>\n<p>A prescindere da eventuali danni che l'Utente potrebbe subire, l'intera responsabilit\u00e0 della Societ\u00e0 e dei suoi fornitori ai sensi di qualsiasi disposizione dei presenti Termini e il rimedio esclusivo dell'Utente per tutto ci\u00f2 sar\u00e0 limitato all'importo effettivamente pagato dall'Utente tramite il Servizio o a 100 USD se l'Utente non ha acquistato nulla tramite il Servizio.<\/p>\n<p>Nella misura massima consentita dalla legge applicabile, in nessun caso la Societ\u00e0 o i suoi fornitori saranno responsabili per danni speciali, incidentali, indiretti o consequenziali di qualsiasi tipo (inclusi, ma non limitati a, danni per perdita di profitti, perdita di dati o altre informazioni, per interruzione dell'attivit\u00e0, per lesioni personali, perdita di privacy derivanti da o in qualsiasi modo correlati all'utilizzo o all'impossibilit\u00e0 di utilizzare il Servizio, il software di terzi e\/o l'hardware di terzi utilizzato con il Servizio, o comunque in relazione a qualsiasi disposizione dei presenti Termini), anche se la Societ\u00e0 o qualsiasi fornitore \u00e8 stato avvisato della possibilit\u00e0 di tali danni e anche se il rimedio fallisce il suo scopo essenziale.<\/p>\n<p>Alcuni Stati non consentono l'esclusione di garanzie implicite o la limitazione di responsabilit\u00e0 per danni incidentali o consequenziali, il che significa che alcune delle limitazioni di cui sopra potrebbero non essere applicabili. In questi Stati, la responsabilit\u00e0 di ciascuna parte sar\u00e0 limitata nella misura massima consentita dalla legge.<\/p>\n<p><strong>\"COS\u00cc COM'\u00c8\" e \"COME DISPONIBILE\".<\/strong><\/p>\n<p>Il Servizio viene fornito all'Utente \"COS\u00cc COM'\u00c8\" e \"COME DISPONIBILE\" e con tutti i difetti e le mancanze senza alcun tipo di garanzia. Nella misura massima consentita dalla legge applicabile, la Societ\u00e0, per conto proprio e per conto delle sue Affiliate e dei suoi rispettivi licenziatari e fornitori di servizi, declina espressamente tutte le garanzie, espresse, implicite, legali o di altro tipo, in relazione al Servizio, comprese tutte le garanzie implicite di commerciabilit\u00e0, idoneit\u00e0 per uno scopo particolare, titolarit\u00e0 e non violazione, e le garanzie che possono derivare da un comportamento commerciale, dall'esecuzione, dagli usi o dalla prassi commerciale. Senza limitazioni a quanto sopra, la Societ\u00e0 non fornisce alcuna garanzia o impegno e non dichiara in alcun modo che il Servizio soddisfer\u00e0 i requisiti dell'Utente, raggiunger\u00e0 i risultati previsti, sar\u00e0 compatibile o funzioner\u00e0 con qualsiasi altro software, applicazione, sistema o servizio, funzioner\u00e0 senza interruzioni, soddisfer\u00e0 qualsiasi standard di prestazione o affidabilit\u00e0 o sar\u00e0 privo di errori o che qualsiasi errore o difetto potr\u00e0 essere corretto.<\/p>\n<p>Senza limitare quanto sopra, n\u00e9 la Societ\u00e0 n\u00e9 alcuno dei suoi fornitori rilascia alcuna dichiarazione o garanzia di alcun tipo, espressa o implicita: (i) in merito al funzionamento o alla disponibilit\u00e0 del Servizio, o alle informazioni, ai contenuti, ai materiali o ai prodotti in esso inclusi; (ii) che il Servizio sar\u00e0 ininterrotto o privo di errori; (iii) in merito all'accuratezza, all'affidabilit\u00e0 o all'attualit\u00e0 di qualsiasi informazione o contenuto fornito attraverso il Servizio; o (iv) che il Servizio, i suoi server, il contenuto o le e-mail inviate da o per conto della Societ\u00e0 siano privi di virus, script, cavalli di Troia, worm, malware, timebomb o altri componenti dannosi.<\/p>\n<p>Alcune giurisdizioni non consentono l'esclusione di alcuni tipi di garanzie o limitazioni dei diritti legali applicabili a un consumatore, pertanto alcune o tutte le esclusioni e limitazioni di cui sopra potrebbero non essere applicabili all'Utente. In tal caso, tuttavia, le esclusioni e le limitazioni di cui alla presente sezione saranno applicate nella massima misura possibile ai sensi della legge applicabile.<\/p>\n<p><strong>Legge applicabile<\/strong><\/p>\n<p>Le leggi del Paese, escluse le norme sui conflitti di legge, disciplinano i presenti Termini e l'utilizzo del Servizio da parte dell'Utente. L'utilizzo dell'Applicazione da parte dell'Utente pu\u00f2 essere soggetto anche ad altre leggi locali, statali, nazionali o internazionali.<\/p>\n<p><strong>Risoluzione delle controversie<\/strong><\/p>\n<p>In caso di dubbi o controversie sul Servizio, l'Utente si impegna a cercare di risolvere la controversia in modo informale contattando la Societ\u00e0.<\/p>\n<p><strong>Per gli utenti dell'Unione Europea (UE)<\/strong><\/p>\n<p>Se l'Utente \u00e8 un consumatore dell'Unione Europea, beneficer\u00e0 delle disposizioni obbligatorie della legge del paese in cui risiede.<\/p>\n<p><strong>Separabilit\u00e0 e rinuncia<\/strong><\/p>\n<p><strong>Severit\u00e0<\/strong><\/p>\n<p>Se una qualsiasi disposizione dei presenti Termini \u00e8 ritenuta inapplicabile o non valida, tale disposizione sar\u00e0 modificata e interpretata per raggiungere gli obiettivi di tale disposizione nella massima misura possibile in base alla legge applicabile e le restanti disposizioni continueranno ad avere pieno vigore ed effetto.<\/p>\n<p><strong>Rinuncia<\/strong><\/p>\n<p>Salvo quanto previsto nel presente documento, il mancato esercizio di un diritto o la mancata richiesta di adempimento di un obbligo ai sensi dei presenti Termini non pregiudica la possibilit\u00e0 di una parte di esercitare tale diritto o di richiedere tale adempimento in qualsiasi momento successivo, n\u00e9 la rinuncia a una violazione costituisce una rinuncia a qualsiasi violazione successiva.<\/p>\n<p><strong>Traduzione Interpretazione<\/strong><\/p>\n<p>I presenti Termini e condizioni possono essere stati tradotti se la Societ\u00e0 li ha messi a disposizione dell'Utente sul proprio Servizio. L'Utente accetta che il testo originale in inglese prevalga in caso di controversia.<\/p>\n<p><strong>Modifiche ai presenti Termini e condizioni<\/strong><\/p>\n<p>Ci riserviamo il diritto, a nostra esclusiva discrezione, di modificare o sostituire le presenti Condizioni in qualsiasi momento. In caso di modifiche sostanziali, ci impegneremo a fornire un preavviso di almeno 30 giorni prima dell'entrata in vigore dei nuovi termini. Ci\u00f2 che costituisce una modifica sostanziale sar\u00e0 determinato a Nostra esclusiva discrezione.<\/p>\n<p>Continuando ad accedere o utilizzare il nostro Servizio dopo l'entrata in vigore di tali revisioni, l'Utente accetta di essere vincolato ai termini rivisti. Se l'Utente non accetta i nuovi termini, in tutto o in parte, \u00e8 pregato di interrompere l'utilizzo del sito web e del Servizio.<\/p>\n<p><strong>Contatto<\/strong><\/p>\n<p>In caso di domande sui presenti Termini e condizioni, \u00e8 possibile contattarci:<\/p>\n<ul>\n<li>Per e-mail: info@spadaforarealty.com<\/li>\n<\/ul><div><br><\/div>\t\t\t\t\t\t\t\t<\/div>\n\t\t\t\t<\/div>\n\t\t\t\t\t<\/div>\n\t\t\t\t<\/div>\n\t\t\t\t<\/div>","protected":false},"excerpt":{"rendered":"<p>Ultimo aggiornamento: 12 marzo 2024 Leggere attentamente i presenti termini e condizioni prima di utilizzare il Servizio. Interpretazione e definizioni Interpretazione Le parole la cui lettera iniziale \u00e8 in maiuscolo hanno un significato definito nelle seguenti condizioni. Le seguenti definizioni avranno lo stesso significato indipendentemente dal fatto che appaiano al singolare o al plurale. Definizioni Ai fini dei presenti Termini e condizioni: Affiliato indica un'entit\u00e0 che controlla, \u00e8 controllata da o \u00e8 sotto controllo comune con una parte, dove per \"controllo\" si intende la propriet\u00e0 di 50% o pi\u00f9 delle azioni, partecipazioni o altri titoli che danno diritto al voto per l'elezione degli amministratori o di altri poteri di gestione. Il Paese si riferisce a: Italia La Societ\u00e0 (indicata come \"la Societ\u00e0\", \"Noi\", \"Ci\" o \"Nostro\" nel presente Contratto) si riferisce a Spadafora Realty. Per dispositivo si intende qualsiasi dispositivo in grado di accedere al Servizio, come un computer, un telefono cellulare o una tavoletta digitale. Servizio si riferisce al Sito web. Per Termini e condizioni (denominati anche \"Termini\") si intendono i presenti Termini e condizioni che costituiscono l'intero accordo tra l'utente e la Societ\u00e0 in merito all'uso del Servizio. Il presente contratto di Termini e Condizioni \u00e8 stato creato con l'aiuto del Generatore di Termini e Condizioni. Per Servizio di social media di terzi si intende qualsiasi servizio o contenuto (compresi dati, informazioni, prodotti o servizi) fornito da terzi che pu\u00f2 essere visualizzato, incluso o reso disponibile dal Servizio. Sito web si riferisce a Spadafora Realty, accessibile da https:\/\/spadaforarealty.com\/ Per utente si intende la persona che accede o utilizza il Servizio, o la societ\u00e0 o altra persona giuridica per conto della quale tale persona accede o utilizza il Servizio, a seconda dei casi. Riconoscimento Questi sono i Termini e le Condizioni che regolano l'uso di questo Servizio e l'accordo che opera tra l'Utente e la Societ\u00e0. I presenti Termini e condizioni stabiliscono i diritti e gli obblighi di tutti gli utenti in merito all'utilizzo del Servizio. L'accesso e l'utilizzo del Servizio da parte dell'utente sono subordinati all'accettazione e al rispetto dei presenti Termini e condizioni. I presenti Termini e condizioni si applicano a tutti i visitatori, utenti e altri soggetti che accedono o utilizzano il Servizio. Accedendo o utilizzando il Servizio, l'Utente accetta di essere vincolato dai presenti Termini e condizioni. Se l'Utente non \u00e8 d'accordo con una qualsiasi parte di questi Termini e Condizioni, non pu\u00f2 accedere al Servizio. L'Utente dichiara di avere pi\u00f9 di 18 anni. La Societ\u00e0 non consente ai minori di 18 anni di utilizzare il Servizio. L'accesso e l'utilizzo del Servizio da parte dell'Utente sono inoltre subordinati all'accettazione e al rispetto della Politica sulla privacy della Societ\u00e0. La nostra Informativa sulla privacy descrive le nostre politiche e procedure sulla raccolta, l'uso e la divulgazione dei dati personali dell'Utente quando utilizza l'Applicazione o il Sito web e informa l'Utente sui suoi diritti alla privacy e su come la legge lo protegge. Si prega di leggere attentamente la nostra Informativa sulla privacy prima di utilizzare il nostro Servizio. Link ad altri siti web Il nostro Servizio pu\u00f2 contenere link a siti web o servizi di terzi che non sono di propriet\u00e0 o controllati dalla Societ\u00e0. La Societ\u00e0 non ha alcun controllo e non si assume alcuna responsabilit\u00e0 per il contenuto, le politiche sulla privacy o le pratiche di qualsiasi sito web o servizio di terzi. L'utente riconosce e accetta inoltre che la Societ\u00e0 non sar\u00e0 responsabile, direttamente o indirettamente, per eventuali danni o perdite causati o che si presume possano essere causati da o in connessione con l'uso o l'affidamento su tali contenuti, beni o servizi disponibili su o attraverso tali siti web o servizi. Consigliamo vivamente all'Utente di leggere i termini e le condizioni e le politiche sulla privacy di qualsiasi sito o servizio web di terzi che l'Utente visita. Cessazione Possiamo interrompere o sospendere l'accesso dell'Utente immediatamente, senza preavviso o responsabilit\u00e0, per qualsiasi motivo, incluso, a titolo esemplificativo, se l'Utente viola i presenti Termini e condizioni. In caso di risoluzione, il diritto dell'Utente di utilizzare il Servizio cesser\u00e0 immediatamente. Limitazione di responsabilit\u00e0 A prescindere da eventuali danni che l'Utente potrebbe subire, l'intera responsabilit\u00e0 della Societ\u00e0 e di qualsiasi suo fornitore ai sensi di qualsiasi disposizione dei presenti Termini e il rimedio esclusivo dell'Utente per tutto ci\u00f2 sar\u00e0 limitato all'importo effettivamente pagato dall'Utente tramite il Servizio o a 100 USD se l'Utente non ha acquistato nulla tramite il Servizio. Nella misura massima consentita dalla legge applicabile, in nessun caso la Societ\u00e0 o i suoi fornitori saranno responsabili per danni speciali, incidentali, indiretti o consequenziali di qualsiasi tipo (inclusi, a titolo esemplificativo ma non esaustivo, danni per perdita di profitti, perdita di dati o altre informazioni, per interruzione dell'attivit\u00e0, per lesioni personali, perdita di privacy derivanti da o in qualsiasi modo correlati all'utilizzo o all'impossibilit\u00e0 di utilizzare il Servizio, il software di terzi e\/o l'hardware di terzi utilizzato con il Servizio, o comunque in relazione a qualsiasi disposizione dei presenti Termini), anche se la Societ\u00e0 o qualsiasi fornitore \u00e8 stato avvisato della possibilit\u00e0 di tali danni e anche se il rimedio fallisce il suo scopo essenziale. Alcuni Stati non consentono l'esclusione di garanzie implicite o la limitazione di responsabilit\u00e0 per danni incidentali o consequenziali, il che significa che alcune delle limitazioni di cui sopra potrebbero non essere applicabili. In questi Stati, la responsabilit\u00e0 di ciascuna parte sar\u00e0 limitata nella misura massima consentita dalla legge. \"Il Servizio viene fornito all'Utente \"COS\u00cc COM'\u00c8\" e \"COME DISPONIBILE\" e con tutti i difetti e le mancanze senza alcun tipo di garanzia. Nella misura massima consentita dalla legge applicabile, la Societ\u00e0, per conto proprio e per conto delle sue Affiliate e dei suoi rispettivi licenziatari e fornitori di servizi, declina espressamente tutte le garanzie, espresse, implicite, legali o di altro tipo, in relazione al Servizio, comprese tutte le garanzie implicite di commerciabilit\u00e0, idoneit\u00e0 per uno scopo particolare, titolarit\u00e0 e non violazione, e le garanzie che possono derivare da un comportamento commerciale, dall'esecuzione, dagli usi o dalla prassi commerciale. Senza limitazioni a quanto sopra, la Societ\u00e0 non fornisce alcuna garanzia o impegno e non dichiara in alcun modo che il Servizio soddisfer\u00e0 i requisiti dell'Utente, raggiunger\u00e0 i risultati previsti, sar\u00e0 compatibile o funzioner\u00e0 con qualsiasi altro software, applicazione, sistema o servizio, funzioner\u00e0 senza problemi.<\/p>","protected":false},"author":1,"featured_media":0,"parent":0,"menu_order":0,"comment_status":"closed","ping_status":"closed","template":"","meta":{"content-type":"","footnotes":""},"class_list":["post-805","page","type-page","status-publish","hentry"],"aioseo_notices":[],"rttpg_featured_image_url":null,"rttpg_author":{"display_name":"admin","author_link":"https:\/\/spadaforarealty.com\/it\/author\/admin\/"},"rttpg_comment":0,"rttpg_category":null,"rttpg_excerpt":"Last updated: March 12, 2024 Please read these terms and conditions carefully before using Our Service. Interpretation and Definitions Interpretation The words of which the initial letter is capitalized have meanings defined under the following conditions. The following definitions shall have the same meaning regardless of whether they appear in singular or in plural. Definitions&hellip;","_links":{"self":[{"href":"https:\/\/spadaforarealty.com\/it\/wp-json\/wp\/v2\/pages\/805","targetHints":{"allow":["GET"]}}],"collection":[{"href":"https:\/\/spadaforarealty.com\/it\/wp-json\/wp\/v2\/pages"}],"about":[{"href":"https:\/\/spadaforarealty.com\/it\/wp-json\/wp\/v2\/types\/page"}],"author":[{"embeddable":true,"href":"https:\/\/spadaforarealty.com\/it\/wp-json\/wp\/v2\/users\/1"}],"replies":[{"embeddable":true,"href":"https:\/\/spadaforarealty.com\/it\/wp-json\/wp\/v2\/comments?post=805"}],"version-history":[{"count":7,"href":"https:\/\/spadaforarealty.com\/it\/wp-json\/wp\/v2\/pages\/805\/revisions"}],"predecessor-version":[{"id":211150,"href":"https:\/\/spadaforarealty.com\/it\/wp-json\/wp\/v2\/pages\/805\/revisions\/211150"}],"wp:attachment":[{"href":"https:\/\/spadaforarealty.com\/it\/wp-json\/wp\/v2\/media?parent=805"}],"curies":[{"name":"wp","href":"https:\/\/api.w.org\/{rel}","templated":true}]}}